{"id":169,"date":"2024-03-22T11:25:52","date_gmt":"2024-03-22T09:25:52","guid":{"rendered":"https:\/\/pood.uitama.ee\/?page_id=169"},"modified":"2024-03-26T17:08:31","modified_gmt":"2024-03-26T15:08:31","slug":"vastutustundlik-uitama","status":"publish","type":"page","link":"https:\/\/pood.uitama.ee\/en\/vastutustundlik-uitama\/","title":{"rendered":"Sustainable Uitama"},"content":{"rendered":"<p>Uitama's mission is to lead families into nature, as we sincerely believe that wandering in the forest, marshes, parks, or by the sea offers grounding that contributes positively to the mental and physical well-being of each family member. To sustainably preserve the beauty of nature for future generations, we prioritize environmentally friendly practices in all our endeavours.<\/p>\n\n\n\n<p>Therefore, we carefully choose partners for our shirt production whose supply chains, materials, and printing inks are certified by independent organizations and standards. This ensures a healthy result for both the planet and its inhabitants.<\/p>\n\n\n\n<h4 class=\"wp-block-heading\">UITAMA SHIRTS' CERTIFICATIONS<\/h4>\n\n\n\n<h4 class=\"wp-block-heading\">GOTS<\/h4>\n\n\n\n<figure class=\"wp-block-image alignright size-full is-resized\"><img loading=\"lazy\" decoding=\"async\" width=\"522\" height=\"499\" src=\"http:\/\/pood.uitama.ee\/wp-content\/uploads\/2024\/03\/global-organic-textile-standard-gots-vector-logo.png\" alt=\"\" class=\"wp-image-217\" style=\"width:138px;height:auto\" srcset=\"https:\/\/pood.uitama.ee\/wp-content\/uploads\/2024\/03\/global-organic-textile-standard-gots-vector-logo.png 522w, https:\/\/pood.uitama.ee\/wp-content\/uploads\/2024\/03\/global-organic-textile-standard-gots-vector-logo-300x287.png 300w, https:\/\/pood.uitama.ee\/wp-content\/uploads\/2024\/03\/global-organic-textile-standard-gots-vector-logo-13x12.png 13w\" sizes=\"auto, (max-width: 522px) 100vw, 522px\" \/><\/figure>\n\n\n\n<p><strong>Global Organic Textile Standard (GOTS)<\/strong> is the leading worldwide standard for the production of organic fibres. Based on both ecological and social criteria, it is the most stringent certification for organic cotton. It guarantees that cotton is organically grown without the use of genetically modified seeds or dangerous chemicals. It also ensures traceability from post-harvesting of the raw material to the final customer, including transaction certificates at every stage of production.<\/p>\n\n\n\n<p>More information can be found <a href=\"https:\/\/global-standard.org\/\">here<\/a>.<\/p>\n\n\n\n<figure class=\"wp-block-embed is-type-video is-provider-youtube wp-block-embed-youtube wp-embed-aspect-16-9 wp-has-aspect-ratio\"><div class=\"wp-block-embed__wrapper\">\n<iframe loading=\"lazy\" title=\"Global Organic Textile Standard (GOTS)\" width=\"500\" height=\"281\" src=\"https:\/\/www.youtube.com\/embed\/TMmLCPuerQg?feature=oembed\" frameborder=\"0\" allow=\"accelerometer; autoplay; clipboard-write; encrypted-media; gyroscope; picture-in-picture; web-share\" referrerpolicy=\"strict-origin-when-cross-origin\" allowfullscreen><\/iframe>\n<\/div><\/figure>\n\n\n\n<h5 class=\"wp-block-heading\">OEKO-TEX<\/h5>\n\n\n\n<figure class=\"wp-block-image alignright size-full is-resized\"><img loading=\"lazy\" decoding=\"async\" width=\"160\" height=\"160\" src=\"http:\/\/pood.uitama.ee\/wp-content\/uploads\/2024\/02\/Untitled-design-7.png\" alt=\"\" class=\"wp-image-150\" style=\"width:154px;height:auto\" srcset=\"https:\/\/pood.uitama.ee\/wp-content\/uploads\/2024\/02\/Untitled-design-7.png 160w, https:\/\/pood.uitama.ee\/wp-content\/uploads\/2024\/02\/Untitled-design-7-150x150.png 150w, https:\/\/pood.uitama.ee\/wp-content\/uploads\/2024\/02\/Untitled-design-7-12x12.png 12w, https:\/\/pood.uitama.ee\/wp-content\/uploads\/2024\/02\/Untitled-design-7-100x100.png 100w\" sizes=\"auto, (max-width: 160px) 100vw, 160px\" \/><\/figure>\n\n\n\n<p><strong>Standard 100 by OEKO-TEX <\/strong>\u00ae is one of the world\u2019s best-known standards for the assessment of harmful substances in fabrics. Our Stanley\/Stella shirts are certified by Standard 100 by OEKO-TEX\u00ae, ensuring that the textiles are processed without harmful chemicals detrimental to human health and the environment. Standard 100 also prohibits certain potentially harmful substances even where these are not yet legally banned, and it guarantees that our products comply with the EU REACH regulation. <\/p>\n\n\n\n<p>Read more in detail <a href=\"https:\/\/www.oeko-tex.com\/en\/\">here<\/a>.<\/p>\n\n\n\n<h5 class=\"wp-block-heading\">PETA<\/h5>\n\n\n\n<figure class=\"wp-block-image alignright size-full\"><img loading=\"lazy\" decoding=\"async\" width=\"160\" height=\"160\" src=\"http:\/\/pood.uitama.ee\/wp-content\/uploads\/2024\/02\/Untitled-design-6.png\" alt=\"\" class=\"wp-image-151\" srcset=\"https:\/\/pood.uitama.ee\/wp-content\/uploads\/2024\/02\/Untitled-design-6.png 160w, https:\/\/pood.uitama.ee\/wp-content\/uploads\/2024\/02\/Untitled-design-6-150x150.png 150w, https:\/\/pood.uitama.ee\/wp-content\/uploads\/2024\/02\/Untitled-design-6-12x12.png 12w, https:\/\/pood.uitama.ee\/wp-content\/uploads\/2024\/02\/Untitled-design-6-100x100.png 100w\" sizes=\"auto, (max-width: 160px) 100vw, 160px\" \/><\/figure>\n\n\n\n<p>Stanley\/Stella shirts are also <strong>\u2018PETA-Approved\u2019<\/strong>, which means that they do not conduct or commission any animal tests on ingredients, formulations, or finished products and pledge never to do so. These t-shirts are made from 100% vegan materials and 0% animal fibres, ensuring that no harm is caused to animals.<\/p>\n\n\n\n<p>More about PETA can be read <a href=\"https:\/\/www.peta.org\/\">here<\/a>.<\/p>\n\n\n\n<h5 class=\"wp-block-heading\">FAIR WEAR <\/h5>\n\n\n\n<figure class=\"wp-block-image alignright size-full\"><img loading=\"lazy\" decoding=\"async\" width=\"160\" height=\"160\" src=\"http:\/\/pood.uitama.ee\/wp-content\/uploads\/2024\/02\/Untitled-design-5.png\" alt=\"\" class=\"wp-image-152\" srcset=\"https:\/\/pood.uitama.ee\/wp-content\/uploads\/2024\/02\/Untitled-design-5.png 160w, https:\/\/pood.uitama.ee\/wp-content\/uploads\/2024\/02\/Untitled-design-5-150x150.png 150w, https:\/\/pood.uitama.ee\/wp-content\/uploads\/2024\/02\/Untitled-design-5-12x12.png 12w, https:\/\/pood.uitama.ee\/wp-content\/uploads\/2024\/02\/Untitled-design-5-100x100.png 100w\" sizes=\"auto, (max-width: 160px) 100vw, 160px\" \/><\/figure>\n\n\n\n<p><strong>Fair Wear Foundation (FWF)<\/strong> is an independent organisation that works with apparel brands, garment workers and textile industry influencers to improve labour conditions  in  garment  factories.  FWF  carries out audits in our partner factories on a regular basis, and establishes Corrective Action Plans (CAPs) where needed to ensure <strong>workers\u2019 rights and safe, dignified, and properly paid employment<\/strong>. Additionally, the label also provides peace of mind that <strong>child labor has not been used<\/strong>. The manufacturer of Uitama shirts has been a member of FWF since 2012.<\/p>\n\n\n\n<p>Read more in detail <a href=\"https:\/\/www.fairwear.org\/\">here<\/a>.<\/p>\n\n\n\n<figure class=\"wp-block-embed is-type-video is-provider-youtube wp-block-embed-youtube wp-embed-aspect-16-9 wp-has-aspect-ratio\"><div class=\"wp-block-embed__wrapper\">\n<iframe loading=\"lazy\" title=\"Fair Wear Formula\" width=\"500\" height=\"281\" src=\"https:\/\/www.youtube.com\/embed\/SfQgfKz8t9w?feature=oembed\" frameborder=\"0\" allow=\"accelerometer; autoplay; clipboard-write; encrypted-media; gyroscope; picture-in-picture; web-share\" referrerpolicy=\"strict-origin-when-cross-origin\" allowfullscreen><\/iframe>\n<\/div><\/figure>\n\n\n\n<p><\/p>\n\n\n\n<h3 class=\"wp-block-heading\">UITAMA SHIRTS' PRINTING INKS<\/h3>\n\n\n\n<p>Uitama shirts are produced in Estonia using environmentally friendly water-based <a href=\"https:\/\/permaset.com.au\/sustainability-and-the-environment\/\">PERMATONE<\/a> screen printing inks, made with 100% renewable energy and non-toxic ingredients. Our printing partner exclusively utilizes these inks, ensuring that the shirts never come into contact with chemically laden printing inks.<\/p>\n\n\n\n<h4 class=\"wp-block-heading\">GOTS<\/h4>\n\n\n\n<figure class=\"wp-block-image alignright size-full is-resized\"><img loading=\"lazy\" decoding=\"async\" width=\"260\" height=\"180\" src=\"https:\/\/pood.uitama.ee\/wp-content\/uploads\/2024\/03\/soil-association-organic-approved.png\" alt=\"\" class=\"wp-image-235\" style=\"width:176px;height:auto\" srcset=\"https:\/\/pood.uitama.ee\/wp-content\/uploads\/2024\/03\/soil-association-organic-approved.png 260w, https:\/\/pood.uitama.ee\/wp-content\/uploads\/2024\/03\/soil-association-organic-approved-18x12.png 18w\" sizes=\"auto, (max-width: 260px) 100vw, 260px\" \/><\/figure>\n\n\n\n<p>PERMATONE has been granted <strong>Approval by the Soil Association in the UK<\/strong> (the Soil Association in the UK), <strong>having successfully met the requirements of<\/strong> the Global Organic Textiles Standards <strong>(GOTS) for non-organic chemical inputs for use in organic textile processing<\/strong>.<\/p>\n\n\n\n<p>Check the certificate <a href=\"https:\/\/cdn.shopify.com\/s\/files\/1\/0518\/5013\/files\/GOTS_Approved_Input_Letter_of_approval_v5_SA20405_CD21-00383_20210129.pdf?v=1611953787\">here<\/a>.<\/p>\n\n\n\n<h4 class=\"wp-block-heading\">SAFE TO USE ON BABY CLOTHES<\/h4>\n\n\n\n<figure class=\"wp-block-image alignright size-full is-resized\"><img loading=\"lazy\" decoding=\"async\" width=\"260\" height=\"180\" src=\"https:\/\/pood.uitama.ee\/wp-content\/uploads\/2024\/03\/clothing-icon.png\" alt=\"\" class=\"wp-image-256\" style=\"width:152px;height:auto\" srcset=\"https:\/\/pood.uitama.ee\/wp-content\/uploads\/2024\/03\/clothing-icon.png 260w, https:\/\/pood.uitama.ee\/wp-content\/uploads\/2024\/03\/clothing-icon-18x12.png 18w\" sizes=\"auto, (max-width: 260px) 100vw, 260px\" \/><\/figure>\n\n\n\n<p>The ink used for printing Uitama shirts is <strong>safe to use even for underwear, swimwear, and baby clothes<\/strong> (for infants under 2 years of age).<\/p>\n\n\n\n<h4 class=\"wp-block-heading\">VEGAN<\/h4>\n\n\n\n<figure class=\"wp-block-image alignright size-full is-resized\"><img loading=\"lazy\" decoding=\"async\" width=\"260\" height=\"180\" src=\"https:\/\/pood.uitama.ee\/wp-content\/uploads\/2024\/03\/PERMASET-VEGAN-Green-web.png\" alt=\"\" class=\"wp-image-247\" style=\"width:154px;height:auto\" srcset=\"https:\/\/pood.uitama.ee\/wp-content\/uploads\/2024\/03\/PERMASET-VEGAN-Green-web.png 260w, https:\/\/pood.uitama.ee\/wp-content\/uploads\/2024\/03\/PERMASET-VEGAN-Green-web-18x12.png 18w\" sizes=\"auto, (max-width: 260px) 100vw, 260px\" \/><\/figure>\n\n\n\n<p>In addition, these inks are <strong>vegan<\/strong>. The manufacturer of the colors does not commission animal testing for ingredients or finished products. Plant-based ingredients are certified non-genetically modified organisms <strong>(GMO-free)<\/strong>.<\/p>\n\n\n\n<h4 class=\"wp-block-heading\">TOXIN-FREE INGREDIENTS<\/h4>\n\n\n\n<figure class=\"wp-block-image alignright size-full is-resized\"><img loading=\"lazy\" decoding=\"async\" width=\"260\" height=\"180\" src=\"https:\/\/pood.uitama.ee\/wp-content\/uploads\/2024\/03\/No-Chemicals.png\" alt=\"\" class=\"wp-image-244\" style=\"width:166px;height:auto\" srcset=\"https:\/\/pood.uitama.ee\/wp-content\/uploads\/2024\/03\/No-Chemicals.png 260w, https:\/\/pood.uitama.ee\/wp-content\/uploads\/2024\/03\/No-Chemicals-18x12.png 18w\" sizes=\"auto, (max-width: 260px) 100vw, 260px\" \/><\/figure>\n\n\n\n<p>Our inks do not contain ozone-depleting chemicals such as CFCs, HCFCs, aromatic hydrocarbons or volatile solvents. They are also free of lead, heavy metals and toxic chemicals.<\/p>","protected":false},"excerpt":{"rendered":"<p>Uitama missioon on viia pered loodusesse, sest me siiralt usume, et metsas, rabas, pargis v\u00f5i mere \u00e4\u00e4res uitamine pakub maandust, [&hellip;]<\/p>\n","protected":false},"author":1,"featured_media":0,"parent":0,"menu_order":0,"comment_status":"closed","ping_status":"closed","template":"","meta":{"site-sidebar-layout":"default","site-content-layout":"","ast-site-content-layout":"default","site-content-style":"default","site-sidebar-style":"default","ast-global-header-display":"","ast-banner-title-visibility":"","ast-main-header-display":"","ast-hfb-above-header-display":"","ast-hfb-below-header-display":"","ast-hfb-mobile-header-display":"","site-post-title":"","ast-breadcrumbs-content":"","ast-featured-img":"","footer-sml-layout":"","ast-disable-related-posts":"","theme-transparent-header-meta":"","adv-header-id-meta":"","stick-header-meta":"","header-above-stick-meta":"","header-main-stick-meta":"","header-below-stick-meta":"","astra-migrate-meta-layouts":"default","ast-page-background-enabled":"default","ast-page-background-meta":{"desktop":{"background-color":"var(--ast-global-color-4)","background-image":"","background-repeat":"repeat","background-position":"center center","background-size":"auto","background-attachment":"scroll","background-type":"","background-media":"","overlay-type":"","overlay-color":"","overlay-opacity":"","overlay-gradient":""},"tablet":{"background-color":"","background-image":"","background-repeat":"repeat","background-position":"center center","background-size":"auto","background-attachment":"scroll","background-type":"","background-media":"","overlay-type":"","overlay-color":"","overlay-opacity":"","overlay-gradient":""},"mobile":{"background-color":"","background-image":"","background-repeat":"repeat","background-position":"center center","background-size":"auto","background-attachment":"scroll","background-type":"","background-media":"","overlay-type":"","overlay-color":"","overlay-opacity":"","overlay-gradient":""}},"ast-content-background-meta":{"desktop":{"background-color":"var(--ast-global-color-5)","background-image":"","background-repeat":"repeat","background-position":"center center","background-size":"auto","background-attachment":"scroll","background-type":"","background-media":"","overlay-type":"","overlay-color":"","overlay-opacity":"","overlay-gradient":""},"tablet":{"background-color":"var(--ast-global-color-5)","background-image":"","background-repeat":"repeat","background-position":"center center","background-size":"auto","background-attachment":"scroll","background-type":"","background-media":"","overlay-type":"","overlay-color":"","overlay-opacity":"","overlay-gradient":""},"mobile":{"background-color":"var(--ast-global-color-5)","background-image":"","background-repeat":"repeat","background-position":"center center","background-size":"auto","background-attachment":"scroll","background-type":"","background-media":"","overlay-type":"","overlay-color":"","overlay-opacity":"","overlay-gradient":""}},"footnotes":""},"class_list":["post-169","page","type-page","status-publish","hentry"],"yoast_head":"<!-- This site is optimized with the Yoast SEO plugin v27.4 - https:\/\/yoast.com\/product\/yoast-seo-wordpress\/ -->\n<title>Vastutustundlik Uitama - Uitama e-pood<\/title>\n<meta name=\"robots\" content=\"index, follow, max-snippet:-1, max-image-preview:large, max-video-preview:-1\" \/>\n<link rel=\"canonical\" href=\"https:\/\/pood.uitama.ee\/en\/vastutustundlik-uitama\/\" \/>\n<meta property=\"og:locale\" content=\"en_US\" \/>\n<meta property=\"og:type\" content=\"article\" \/>\n<meta property=\"og:title\" content=\"Vastutustundlik Uitama - Uitama e-pood\" \/>\n<meta property=\"og:description\" content=\"Uitama missioon on viia pered loodusesse, sest me siiralt usume, et metsas, rabas, pargis v\u00f5i mere \u00e4\u00e4res uitamine pakub maandust, [&hellip;]\" \/>\n<meta property=\"og:url\" content=\"https:\/\/pood.uitama.ee\/en\/vastutustundlik-uitama\/\" \/>\n<meta property=\"og:site_name\" content=\"Uitama e-pood\" \/>\n<meta property=\"article:modified_time\" content=\"2024-03-26T15:08:31+00:00\" \/>\n<meta property=\"og:image\" content=\"http:\/\/pood.uitama.ee\/wp-content\/uploads\/2024\/03\/global-organic-textile-standard-gots-vector-logo.png\" \/>\n<meta name=\"twitter:card\" content=\"summary_large_image\" \/>\n<meta name=\"twitter:label1\" content=\"Est. reading time\" \/>\n\t<meta name=\"twitter:data1\" content=\"5 minutes\" \/>\n<script type=\"application\/ld+json\" class=\"yoast-schema-graph\">{\"@context\":\"https:\\\/\\\/schema.org\",\"@graph\":[{\"@type\":\"WebPage\",\"@id\":\"https:\\\/\\\/pood.uitama.ee\\\/vastutustundlik-uitama\\\/\",\"url\":\"https:\\\/\\\/pood.uitama.ee\\\/vastutustundlik-uitama\\\/\",\"name\":\"Vastutustundlik Uitama - Uitama e-pood\",\"isPartOf\":{\"@id\":\"https:\\\/\\\/pood.uitama.ee\\\/#website\"},\"primaryImageOfPage\":{\"@id\":\"https:\\\/\\\/pood.uitama.ee\\\/vastutustundlik-uitama\\\/#primaryimage\"},\"image\":{\"@id\":\"https:\\\/\\\/pood.uitama.ee\\\/vastutustundlik-uitama\\\/#primaryimage\"},\"thumbnailUrl\":\"http:\\\/\\\/pood.uitama.ee\\\/wp-content\\\/uploads\\\/2024\\\/03\\\/global-organic-textile-standard-gots-vector-logo.png\",\"datePublished\":\"2024-03-22T09:25:52+00:00\",\"dateModified\":\"2024-03-26T15:08:31+00:00\",\"breadcrumb\":{\"@id\":\"https:\\\/\\\/pood.uitama.ee\\\/vastutustundlik-uitama\\\/#breadcrumb\"},\"inLanguage\":\"en-US\",\"potentialAction\":[{\"@type\":\"ReadAction\",\"target\":[\"https:\\\/\\\/pood.uitama.ee\\\/vastutustundlik-uitama\\\/\"]}]},{\"@type\":\"ImageObject\",\"inLanguage\":\"en-US\",\"@id\":\"https:\\\/\\\/pood.uitama.ee\\\/vastutustundlik-uitama\\\/#primaryimage\",\"url\":\"http:\\\/\\\/pood.uitama.ee\\\/wp-content\\\/uploads\\\/2024\\\/03\\\/global-organic-textile-standard-gots-vector-logo.png\",\"contentUrl\":\"http:\\\/\\\/pood.uitama.ee\\\/wp-content\\\/uploads\\\/2024\\\/03\\\/global-organic-textile-standard-gots-vector-logo.png\"},{\"@type\":\"BreadcrumbList\",\"@id\":\"https:\\\/\\\/pood.uitama.ee\\\/vastutustundlik-uitama\\\/#breadcrumb\",\"itemListElement\":[{\"@type\":\"ListItem\",\"position\":1,\"name\":\"Home\",\"item\":\"https:\\\/\\\/pood.uitama.ee\\\/\"},{\"@type\":\"ListItem\",\"position\":2,\"name\":\"Vastutustundlik Uitama\"}]},{\"@type\":\"WebSite\",\"@id\":\"https:\\\/\\\/pood.uitama.ee\\\/#website\",\"url\":\"https:\\\/\\\/pood.uitama.ee\\\/\",\"name\":\"Uitama e-pood\",\"description\":\"\",\"potentialAction\":[{\"@type\":\"SearchAction\",\"target\":{\"@type\":\"EntryPoint\",\"urlTemplate\":\"https:\\\/\\\/pood.uitama.ee\\\/?s={search_term_string}\"},\"query-input\":{\"@type\":\"PropertyValueSpecification\",\"valueRequired\":true,\"valueName\":\"search_term_string\"}}],\"inLanguage\":\"en-US\"}]}<\/script>\n<!-- \/ Yoast SEO plugin. -->","yoast_head_json":{"title":"Vastutustundlik Uitama - Uitama e-pood","robots":{"index":"index","follow":"follow","max-snippet":"max-snippet:-1","max-image-preview":"max-image-preview:large","max-video-preview":"max-video-preview:-1"},"canonical":"https:\/\/pood.uitama.ee\/en\/vastutustundlik-uitama\/","og_locale":"en_US","og_type":"article","og_title":"Vastutustundlik Uitama - Uitama e-pood","og_description":"Uitama missioon on viia pered loodusesse, sest me siiralt usume, et metsas, rabas, pargis v\u00f5i mere \u00e4\u00e4res uitamine pakub maandust, [&hellip;]","og_url":"https:\/\/pood.uitama.ee\/en\/vastutustundlik-uitama\/","og_site_name":"Uitama e-pood","article_modified_time":"2024-03-26T15:08:31+00:00","og_image":[{"url":"http:\/\/pood.uitama.ee\/wp-content\/uploads\/2024\/03\/global-organic-textile-standard-gots-vector-logo.png","type":"","width":"","height":""}],"twitter_card":"summary_large_image","twitter_misc":{"Est. reading time":"5 minutes"},"schema":{"@context":"https:\/\/schema.org","@graph":[{"@type":"WebPage","@id":"https:\/\/pood.uitama.ee\/vastutustundlik-uitama\/","url":"https:\/\/pood.uitama.ee\/vastutustundlik-uitama\/","name":"Vastutustundlik Uitama - Uitama e-pood","isPartOf":{"@id":"https:\/\/pood.uitama.ee\/#website"},"primaryImageOfPage":{"@id":"https:\/\/pood.uitama.ee\/vastutustundlik-uitama\/#primaryimage"},"image":{"@id":"https:\/\/pood.uitama.ee\/vastutustundlik-uitama\/#primaryimage"},"thumbnailUrl":"http:\/\/pood.uitama.ee\/wp-content\/uploads\/2024\/03\/global-organic-textile-standard-gots-vector-logo.png","datePublished":"2024-03-22T09:25:52+00:00","dateModified":"2024-03-26T15:08:31+00:00","breadcrumb":{"@id":"https:\/\/pood.uitama.ee\/vastutustundlik-uitama\/#breadcrumb"},"inLanguage":"en-US","potentialAction":[{"@type":"ReadAction","target":["https:\/\/pood.uitama.ee\/vastutustundlik-uitama\/"]}]},{"@type":"ImageObject","inLanguage":"en-US","@id":"https:\/\/pood.uitama.ee\/vastutustundlik-uitama\/#primaryimage","url":"http:\/\/pood.uitama.ee\/wp-content\/uploads\/2024\/03\/global-organic-textile-standard-gots-vector-logo.png","contentUrl":"http:\/\/pood.uitama.ee\/wp-content\/uploads\/2024\/03\/global-organic-textile-standard-gots-vector-logo.png"},{"@type":"BreadcrumbList","@id":"https:\/\/pood.uitama.ee\/vastutustundlik-uitama\/#breadcrumb","itemListElement":[{"@type":"ListItem","position":1,"name":"Home","item":"https:\/\/pood.uitama.ee\/"},{"@type":"ListItem","position":2,"name":"Vastutustundlik Uitama"}]},{"@type":"WebSite","@id":"https:\/\/pood.uitama.ee\/#website","url":"https:\/\/pood.uitama.ee\/","name":"Uitama shop","description":"","potentialAction":[{"@type":"SearchAction","target":{"@type":"EntryPoint","urlTemplate":"https:\/\/pood.uitama.ee\/?s={search_term_string}"},"query-input":{"@type":"PropertyValueSpecification","valueRequired":true,"valueName":"search_term_string"}}],"inLanguage":"en-US"}]}},"_links":{"self":[{"href":"https:\/\/pood.uitama.ee\/en\/wp-json\/wp\/v2\/pages\/169","targetHints":{"allow":["GET"]}}],"collection":[{"href":"https:\/\/pood.uitama.ee\/en\/wp-json\/wp\/v2\/pages"}],"about":[{"href":"https:\/\/pood.uitama.ee\/en\/wp-json\/wp\/v2\/types\/page"}],"author":[{"embeddable":true,"href":"https:\/\/pood.uitama.ee\/en\/wp-json\/wp\/v2\/users\/1"}],"replies":[{"embeddable":true,"href":"https:\/\/pood.uitama.ee\/en\/wp-json\/wp\/v2\/comments?post=169"}],"version-history":[{"count":5,"href":"https:\/\/pood.uitama.ee\/en\/wp-json\/wp\/v2\/pages\/169\/revisions"}],"predecessor-version":[{"id":266,"href":"https:\/\/pood.uitama.ee\/en\/wp-json\/wp\/v2\/pages\/169\/revisions\/266"}],"wp:attachment":[{"href":"https:\/\/pood.uitama.ee\/en\/wp-json\/wp\/v2\/media?parent=169"}],"curies":[{"name":"wp","href":"https:\/\/api.w.org\/{rel}","templated":true}]}}