{"id":283,"date":"2024-04-04T11:11:33","date_gmt":"2024-04-04T09:11:33","guid":{"rendered":"https:\/\/pood.uitama.ee\/?post_type=product&#038;p=283"},"modified":"2025-06-30T22:42:02","modified_gmt":"2025-06-30T20:42:02","slug":"ookerkollane-100-orgaanilisest-puuvillast-t-sark-mager","status":"publish","type":"product","link":"https:\/\/pood.uitama.ee\/en\/product\/ookerkollane-100-orgaanilisest-puuvillast-t-sark-mager\/","title":{"rendered":"OCHRE YELLOW 100% ORGANIC COTTON T-SHIRT BADGER"},"content":{"rendered":"<p class=\"\">The t-shirt, made from 100% organic cotton, features a unisex cut, offering durability and a pleasantly soft feel.<\/p>\n<p class=\"p1\">The badger emerged as a symbol for Uitama for several reasons. Karolin, the designer of the shirt, searched extensively for an artistic motif that would resonate with Uitama's values and essence. She was inspired by Mihkel Mutt's novel \"M\u00e4grad hernes\" (\"Badgers and Peas\"), which highlighted the shared characteristics between Estonians and badgers: a calm demeanour, appreciation for trustworthiness and practicality, and a fair bit of resilience. And let's not forget their incredibly charming appearance!<\/p>\n<p class=\"p1\">Furthermore, the badger symbolizes transformation in Eastern mythologies. In Japanese folklore, for example, the badger is known as \"mujina,\" capable of shape-shifting or transitioning between different states \u2013 mirroring Uitama's mission to guide families into nature, shifting them from the stresses of daily life to a state of tranquillity and relaxation.<\/p>\n<p>Inspired by all of this, the BADGER t-shirt was born.<\/p>","protected":false},"excerpt":{"rendered":"<p><strong>This is a true Uitama fan shirt \u2013 by purchasing this shirt, you support bringing families with children into nature and becoming part of a community that contributes to family-friendliness in Estonia and one day in Europe! <\/strong><\/p>\n<p><span style=\"font-weight: 400;\">The T-shirt is crafted and illustrated by Uitama's founder, Karolin, with a focus on environmentally conscious design. Throughout the production process, efforts are made to minimize the carbon footprint, resulting in a significantly smaller environmental impact compared to conventional products. The shirt is certified with <strong>GOTS, <\/strong><\/span><span style=\"font-weight: 400;\"><strong>GOTS, OEKO-TEX, PETA VEGAN, and FAIR WEAR certifications,<\/strong> ensuring its supreme comfort on the skin.<\/span><\/p>\n<p>The printing uses environmentally friendly water-based ink, free from harmful chemicals, solvents, or plastic compounds, yet remains durable. It's a VEGAN ink, certified by <strong>GOTS<\/strong>.<\/p>","protected":false},"featured_media":423,"comment_status":"open","ping_status":"closed","template":"","meta":{"site-sidebar-layout":"default","site-content-layout":"","ast-site-content-layout":"default","site-content-style":"default","site-sidebar-style":"default","ast-global-header-display":"","ast-banner-title-visibility":"","ast-main-header-display":"","ast-hfb-above-header-display":"","ast-hfb-below-header-display":"","ast-hfb-mobile-header-display":"","site-post-title":"","ast-breadcrumbs-content":"","ast-featured-img":"","footer-sml-layout":"","ast-disable-related-posts":"","theme-transparent-header-meta":"default","adv-header-id-meta":"","stick-header-meta":"","header-above-stick-meta":"","header-main-stick-meta":"","header-below-stick-meta":"","astra-migrate-meta-layouts":"set","ast-page-background-enabled":"default","ast-page-background-meta":{"desktop":{"background-color":"var(--ast-global-color-4)","background-image":"","background-repeat":"repeat","background-position":"center center","background-size":"auto","background-attachment":"scroll","background-type":"","background-media":"","overlay-type":"","overlay-color":"","overlay-opacity":"","overlay-gradient":""},"tablet":{"background-color":"","background-image":"","background-repeat":"repeat","background-position":"center center","background-size":"auto","background-attachment":"scroll","background-type":"","background-media":"","overlay-type":"","overlay-color":"","overlay-opacity":"","overlay-gradient":""},"mobile":{"background-color":"","background-image":"","background-repeat":"repeat","background-position":"center center","background-size":"auto","background-attachment":"scroll","background-type":"","background-media":"","overlay-type":"","overlay-color":"","overlay-opacity":"","overlay-gradient":""}},"ast-content-background-meta":{"desktop":{"background-color":"var(--ast-global-color-5)","background-image":"","background-repeat":"repeat","background-position":"center center","background-size":"auto","background-attachment":"scroll","background-type":"","background-media":"","overlay-type":"","overlay-color":"","overlay-opacity":"","overlay-gradient":""},"tablet":{"background-color":"var(--ast-global-color-5)","background-image":"","background-repeat":"repeat","background-position":"center center","background-size":"auto","background-attachment":"scroll","background-type":"","background-media":"","overlay-type":"","overlay-color":"","overlay-opacity":"","overlay-gradient":""},"mobile":{"background-color":"var(--ast-global-color-5)","background-image":"","background-repeat":"repeat","background-position":"center center","background-size":"auto","background-attachment":"scroll","background-type":"","background-media":"","overlay-type":"","overlay-color":"","overlay-opacity":"","overlay-gradient":""}}},"product_brand":[],"product_cat":[19],"product_tag":[],"class_list":{"0":"post-283","1":"product","2":"type-product","3":"status-publish","4":"has-post-thumbnail","6":"product_cat-t-sargid-unisex","7":"desktop-align-left","8":"tablet-align-left","9":"mobile-align-left","11":"first","12":"instock","13":"shipping-taxable","14":"purchasable","15":"product-type-variable"},"yoast_head":"<!-- This site is optimized with the Yoast SEO plugin v27.3 - https:\/\/yoast.com\/product\/yoast-seo-wordpress\/ -->\n<title>OOKERKOLLANE 100% ORGAANILISEST PUUVILLAST T-S\u00c4RK M\u00c4GER - Uitama e-pood<\/title>\n<meta name=\"robots\" content=\"index, follow, max-snippet:-1, max-image-preview:large, max-video-preview:-1\" \/>\n<link rel=\"canonical\" href=\"https:\/\/pood.uitama.ee\/en\/product\/ookerkollane-100-orgaanilisest-puuvillast-t-sark-mager\/\" \/>\n<meta property=\"og:locale\" content=\"en_US\" \/>\n<meta property=\"og:type\" content=\"article\" \/>\n<meta property=\"og:title\" content=\"OOKERKOLLANE 100% ORGAANILISEST PUUVILLAST T-S\u00c4RK M\u00c4GER - Uitama e-pood\" \/>\n<meta property=\"og:description\" content=\"Tegemist on t\u00f5elise Uitama f\u00e4nnis\u00e4rgiga - ostes s\u00e4rgi toetad sa lastega perede loodusesse viimist ja oled osa kogukonnast, mis panustab Eesti peres\u00f5bralikkusesse!   T-s\u00e4rk on kujundatud ja joonistatud Uitama asutaja Karolini poolt ning s\u00e4rgi tootmisel on l\u00e4htutud v\u00f5imalikult keskkonnas\u00e4\u00e4stlikest lahendustest. S\u00e4rgi tootmisprotsessi k\u00e4igus tekkiv s\u00fcsiniku jalaj\u00e4lg on tavatoodetega v\u00f5rreldes oluliselt v\u00e4iksem. S\u00e4rgil on GOTS, OEKO-TEX, PETA VEGAN ja FAIR WEAR sertifikaadid ning on nahale \u00fclim\u00f5nus.  Ka tr\u00fckk on teostatud looduss\u00f5bralikku veebaasil loodud v\u00e4rvi abil, mis ei sisalda kahjulikke kemikaale, lahusteid ega plastiku\u00fchendeid, ent on samal ajal vastupidav. Tegemist on VEGAN v\u00e4rviga, mis omab GOTS sertifikaati.\" \/>\n<meta property=\"og:url\" content=\"https:\/\/pood.uitama.ee\/en\/product\/ookerkollane-100-orgaanilisest-puuvillast-t-sark-mager\/\" \/>\n<meta property=\"og:site_name\" content=\"Uitama e-pood\" \/>\n<meta property=\"article:modified_time\" content=\"2025-06-30T20:42:02+00:00\" \/>\n<meta property=\"og:image\" content=\"https:\/\/pood.uitama.ee\/wp-content\/uploads\/2024\/04\/DSC4598-2-scaled.jpg\" \/>\n\t<meta property=\"og:image:width\" content=\"2560\" \/>\n\t<meta property=\"og:image:height\" content=\"2560\" \/>\n\t<meta property=\"og:image:type\" content=\"image\/jpeg\" \/>\n<meta name=\"twitter:card\" content=\"summary_large_image\" \/>\n<meta name=\"twitter:label1\" content=\"Est. reading time\" \/>\n\t<meta name=\"twitter:data1\" content=\"1 minute\" \/>\n<script type=\"application\/ld+json\" class=\"yoast-schema-graph\">{\"@context\":\"https:\\\/\\\/schema.org\",\"@graph\":[{\"@type\":\"WebPage\",\"@id\":\"https:\\\/\\\/pood.uitama.ee\\\/product\\\/ookerkollane-100-orgaanilisest-puuvillast-t-sark-mager\\\/\",\"url\":\"https:\\\/\\\/pood.uitama.ee\\\/product\\\/ookerkollane-100-orgaanilisest-puuvillast-t-sark-mager\\\/\",\"name\":\"OOKERKOLLANE 100% ORGAANILISEST PUUVILLAST T-S\u00c4RK M\u00c4GER - Uitama e-pood\",\"isPartOf\":{\"@id\":\"https:\\\/\\\/pood.uitama.ee\\\/#website\"},\"primaryImageOfPage\":{\"@id\":\"https:\\\/\\\/pood.uitama.ee\\\/product\\\/ookerkollane-100-orgaanilisest-puuvillast-t-sark-mager\\\/#primaryimage\"},\"image\":{\"@id\":\"https:\\\/\\\/pood.uitama.ee\\\/product\\\/ookerkollane-100-orgaanilisest-puuvillast-t-sark-mager\\\/#primaryimage\"},\"thumbnailUrl\":\"https:\\\/\\\/pood.uitama.ee\\\/wp-content\\\/uploads\\\/2024\\\/04\\\/DSC4598-2-scaled.jpg\",\"datePublished\":\"2024-04-04T09:11:33+00:00\",\"dateModified\":\"2025-06-30T20:42:02+00:00\",\"breadcrumb\":{\"@id\":\"https:\\\/\\\/pood.uitama.ee\\\/product\\\/ookerkollane-100-orgaanilisest-puuvillast-t-sark-mager\\\/#breadcrumb\"},\"inLanguage\":\"en-US\",\"potentialAction\":[{\"@type\":\"ReadAction\",\"target\":[\"https:\\\/\\\/pood.uitama.ee\\\/product\\\/ookerkollane-100-orgaanilisest-puuvillast-t-sark-mager\\\/\"]}]},{\"@type\":\"ImageObject\",\"inLanguage\":\"en-US\",\"@id\":\"https:\\\/\\\/pood.uitama.ee\\\/product\\\/ookerkollane-100-orgaanilisest-puuvillast-t-sark-mager\\\/#primaryimage\",\"url\":\"https:\\\/\\\/pood.uitama.ee\\\/wp-content\\\/uploads\\\/2024\\\/04\\\/DSC4598-2-scaled.jpg\",\"contentUrl\":\"https:\\\/\\\/pood.uitama.ee\\\/wp-content\\\/uploads\\\/2024\\\/04\\\/DSC4598-2-scaled.jpg\",\"width\":2560,\"height\":2560},{\"@type\":\"BreadcrumbList\",\"@id\":\"https:\\\/\\\/pood.uitama.ee\\\/product\\\/ookerkollane-100-orgaanilisest-puuvillast-t-sark-mager\\\/#breadcrumb\",\"itemListElement\":[{\"@type\":\"ListItem\",\"position\":1,\"name\":\"Home\",\"item\":\"https:\\\/\\\/pood.uitama.ee\\\/\"},{\"@type\":\"ListItem\",\"position\":2,\"name\":\"Tooted\",\"item\":\"https:\\\/\\\/pood.uitama.ee\\\/\"},{\"@type\":\"ListItem\",\"position\":3,\"name\":\"OOKERKOLLANE 100% ORGAANILISEST PUUVILLAST T-S\u00c4RK M\u00c4GER\"}]},{\"@type\":\"WebSite\",\"@id\":\"https:\\\/\\\/pood.uitama.ee\\\/#website\",\"url\":\"https:\\\/\\\/pood.uitama.ee\\\/\",\"name\":\"Uitama e-pood\",\"description\":\"\",\"potentialAction\":[{\"@type\":\"SearchAction\",\"target\":{\"@type\":\"EntryPoint\",\"urlTemplate\":\"https:\\\/\\\/pood.uitama.ee\\\/?s={search_term_string}\"},\"query-input\":{\"@type\":\"PropertyValueSpecification\",\"valueRequired\":true,\"valueName\":\"search_term_string\"}}],\"inLanguage\":\"en-US\"}]}<\/script>\n<!-- \/ Yoast SEO plugin. -->","yoast_head_json":{"title":"OOKERKOLLANE 100% ORGAANILISEST PUUVILLAST T-S\u00c4RK M\u00c4GER - Uitama e-pood","robots":{"index":"index","follow":"follow","max-snippet":"max-snippet:-1","max-image-preview":"max-image-preview:large","max-video-preview":"max-video-preview:-1"},"canonical":"https:\/\/pood.uitama.ee\/en\/product\/ookerkollane-100-orgaanilisest-puuvillast-t-sark-mager\/","og_locale":"en_US","og_type":"article","og_title":"OOKERKOLLANE 100% ORGAANILISEST PUUVILLAST T-S\u00c4RK M\u00c4GER - Uitama e-pood","og_description":"Tegemist on t\u00f5elise Uitama f\u00e4nnis\u00e4rgiga - ostes s\u00e4rgi toetad sa lastega perede loodusesse viimist ja oled osa kogukonnast, mis panustab Eesti peres\u00f5bralikkusesse!   T-s\u00e4rk on kujundatud ja joonistatud Uitama asutaja Karolini poolt ning s\u00e4rgi tootmisel on l\u00e4htutud v\u00f5imalikult keskkonnas\u00e4\u00e4stlikest lahendustest. S\u00e4rgi tootmisprotsessi k\u00e4igus tekkiv s\u00fcsiniku jalaj\u00e4lg on tavatoodetega v\u00f5rreldes oluliselt v\u00e4iksem. S\u00e4rgil on GOTS, OEKO-TEX, PETA VEGAN ja FAIR WEAR sertifikaadid ning on nahale \u00fclim\u00f5nus.  Ka tr\u00fckk on teostatud looduss\u00f5bralikku veebaasil loodud v\u00e4rvi abil, mis ei sisalda kahjulikke kemikaale, lahusteid ega plastiku\u00fchendeid, ent on samal ajal vastupidav. Tegemist on VEGAN v\u00e4rviga, mis omab GOTS sertifikaati.","og_url":"https:\/\/pood.uitama.ee\/en\/product\/ookerkollane-100-orgaanilisest-puuvillast-t-sark-mager\/","og_site_name":"Uitama e-pood","article_modified_time":"2025-06-30T20:42:02+00:00","og_image":[{"width":2560,"height":2560,"url":"https:\/\/pood.uitama.ee\/wp-content\/uploads\/2024\/04\/DSC4598-2-scaled.jpg","type":"image\/jpeg"}],"twitter_card":"summary_large_image","twitter_misc":{"Est. reading time":"1 minute"},"schema":{"@context":"https:\/\/schema.org","@graph":[{"@type":"WebPage","@id":"https:\/\/pood.uitama.ee\/product\/ookerkollane-100-orgaanilisest-puuvillast-t-sark-mager\/","url":"https:\/\/pood.uitama.ee\/product\/ookerkollane-100-orgaanilisest-puuvillast-t-sark-mager\/","name":"OOKERKOLLANE 100% ORGAANILISEST PUUVILLAST T-S\u00c4RK M\u00c4GER - Uitama e-pood","isPartOf":{"@id":"https:\/\/pood.uitama.ee\/#website"},"primaryImageOfPage":{"@id":"https:\/\/pood.uitama.ee\/product\/ookerkollane-100-orgaanilisest-puuvillast-t-sark-mager\/#primaryimage"},"image":{"@id":"https:\/\/pood.uitama.ee\/product\/ookerkollane-100-orgaanilisest-puuvillast-t-sark-mager\/#primaryimage"},"thumbnailUrl":"https:\/\/pood.uitama.ee\/wp-content\/uploads\/2024\/04\/DSC4598-2-scaled.jpg","datePublished":"2024-04-04T09:11:33+00:00","dateModified":"2025-06-30T20:42:02+00:00","breadcrumb":{"@id":"https:\/\/pood.uitama.ee\/product\/ookerkollane-100-orgaanilisest-puuvillast-t-sark-mager\/#breadcrumb"},"inLanguage":"en-US","potentialAction":[{"@type":"ReadAction","target":["https:\/\/pood.uitama.ee\/product\/ookerkollane-100-orgaanilisest-puuvillast-t-sark-mager\/"]}]},{"@type":"ImageObject","inLanguage":"en-US","@id":"https:\/\/pood.uitama.ee\/product\/ookerkollane-100-orgaanilisest-puuvillast-t-sark-mager\/#primaryimage","url":"https:\/\/pood.uitama.ee\/wp-content\/uploads\/2024\/04\/DSC4598-2-scaled.jpg","contentUrl":"https:\/\/pood.uitama.ee\/wp-content\/uploads\/2024\/04\/DSC4598-2-scaled.jpg","width":2560,"height":2560},{"@type":"BreadcrumbList","@id":"https:\/\/pood.uitama.ee\/product\/ookerkollane-100-orgaanilisest-puuvillast-t-sark-mager\/#breadcrumb","itemListElement":[{"@type":"ListItem","position":1,"name":"Home","item":"https:\/\/pood.uitama.ee\/"},{"@type":"ListItem","position":2,"name":"Tooted","item":"https:\/\/pood.uitama.ee\/"},{"@type":"ListItem","position":3,"name":"OOKERKOLLANE 100% ORGAANILISEST PUUVILLAST T-S\u00c4RK M\u00c4GER"}]},{"@type":"WebSite","@id":"https:\/\/pood.uitama.ee\/#website","url":"https:\/\/pood.uitama.ee\/","name":"Uitama shop","description":"","potentialAction":[{"@type":"SearchAction","target":{"@type":"EntryPoint","urlTemplate":"https:\/\/pood.uitama.ee\/?s={search_term_string}"},"query-input":{"@type":"PropertyValueSpecification","valueRequired":true,"valueName":"search_term_string"}}],"inLanguage":"en-US"}]}},"_links":{"self":[{"href":"https:\/\/pood.uitama.ee\/en\/wp-json\/wp\/v2\/product\/283","targetHints":{"allow":["GET"]}}],"collection":[{"href":"https:\/\/pood.uitama.ee\/en\/wp-json\/wp\/v2\/product"}],"about":[{"href":"https:\/\/pood.uitama.ee\/en\/wp-json\/wp\/v2\/types\/product"}],"replies":[{"embeddable":true,"href":"https:\/\/pood.uitama.ee\/en\/wp-json\/wp\/v2\/comments?post=283"}],"wp:featuredmedia":[{"embeddable":true,"href":"https:\/\/pood.uitama.ee\/en\/wp-json\/wp\/v2\/media\/423"}],"wp:attachment":[{"href":"https:\/\/pood.uitama.ee\/en\/wp-json\/wp\/v2\/media?parent=283"}],"wp:term":[{"taxonomy":"product_brand","embeddable":true,"href":"https:\/\/pood.uitama.ee\/en\/wp-json\/wp\/v2\/product_brand?post=283"},{"taxonomy":"product_cat","embeddable":true,"href":"https:\/\/pood.uitama.ee\/en\/wp-json\/wp\/v2\/product_cat?post=283"},{"taxonomy":"product_tag","embeddable":true,"href":"https:\/\/pood.uitama.ee\/en\/wp-json\/wp\/v2\/product_tag?post=283"}],"curies":[{"name":"wp","href":"https:\/\/api.w.org\/{rel}","templated":true}]}}